{"id":10,"date":"2025-01-28T19:01:16","date_gmt":"2025-01-28T19:01:16","guid":{"rendered":"https:\/\/velasasabranca.com.br\/?page_id=10"},"modified":"2026-02-09T13:47:46","modified_gmt":"2026-02-09T13:47:46","slug":"velas-asa-branca","status":"publish","type":"page","link":"https:\/\/velasasabranca.com.br\/","title":{"rendered":"VELAS ASA BRANCA"},"content":{"rendered":"\t\t<div data-elementor-type=\"wp-post\" data-elementor-id=\"10\" class=\"elementor elementor-10\">\n\t\t\t\t<div class=\"elementor-element elementor-element-d4e132a e-con-full e-flex e-con e-parent\" data-id=\"d4e132a\" data-element_type=\"container\" data-settings=\"{&quot;background_background&quot;:&quot;classic&quot;}\">\n\t\t\t\t<div class=\"elementor-element elementor-element-2ba5360 elementor-widget elementor-widget-heading\" data-id=\"2ba5360\" data-element_type=\"widget\" data-widget_type=\"heading.default\">\n\t\t\t\t<div class=\"elementor-widget-container\">\n\t\t\t\t\t<h2 class=\"elementor-heading-title elementor-size-default\">Velas Asa Branca<\/h2>\t\t\t\t<\/div>\n\t\t\t\t<\/div>\n\t\t\t\t<div class=\"elementor-element elementor-element-26e8cbf elementor-widget elementor-widget-heading\" data-id=\"26e8cbf\" data-element_type=\"widget\" data-widget_type=\"heading.default\">\n\t\t\t\t<div class=\"elementor-widget-container\">\n\t\t\t\t\t<h2 class=\"elementor-heading-title elementor-size-default\">(62) 3314-3311<\/h2>\t\t\t\t<\/div>\n\t\t\t\t<\/div>\n\t\t\t\t<\/div>\n\t\t<div class=\"elementor-element elementor-element-2f2687b e-flex e-con-boxed e-con e-parent\" data-id=\"2f2687b\" data-element_type=\"container\" data-settings=\"{&quot;background_background&quot;:&quot;gradient&quot;,&quot;shape_divider_bottom&quot;:&quot;triangle-asymmetrical&quot;}\">\n\t\t\t\t\t<div class=\"e-con-inner\">\n\t\t\t\t<div class=\"elementor-shape elementor-shape-bottom\" data-negative=\"false\">\n\t\t\t<svg xmlns=\"http:\/\/www.w3.org\/2000\/svg\" viewBox=\"0 0 1000 100\" preserveAspectRatio=\"none\">\n\t<path class=\"elementor-shape-fill\" d=\"M738,99l262-93V0H0v5.6L738,99z\"\/>\n<\/svg>\t\t<\/div>\n\t\t<div class=\"elementor-element elementor-element-1f8cec4 e-con-full e-flex e-con e-child\" data-id=\"1f8cec4\" data-element_type=\"container\">\n\t\t\t\t<div class=\"elementor-element elementor-element-1f5db0e elementor-widget__width-initial elementor-widget elementor-widget-heading\" data-id=\"1f5db0e\" data-element_type=\"widget\" data-widget_type=\"heading.default\">\n\t\t\t\t<div class=\"elementor-widget-container\">\n\t\t\t\t\t<h2 class=\"elementor-heading-title elementor-size-default\">Compre Velas Asas \nBranca no atacado \ndireto da f\u00e1brica<\/h2>\t\t\t\t<\/div>\n\t\t\t\t<\/div>\n\t\t\t\t<div class=\"elementor-element elementor-element-934ef05 elementor-widget elementor-widget-heading\" data-id=\"934ef05\" data-element_type=\"widget\" data-widget_type=\"heading.default\">\n\t\t\t\t<div class=\"elementor-widget-container\">\n\t\t\t\t\t<h2 class=\"elementor-heading-title elementor-size-default\">Garanta produtos com Tradi\u00e7\u00e3o e Qualidade.<\/h2>\t\t\t\t<\/div>\n\t\t\t\t<\/div>\n\t\t\t\t<\/div>\n\t\t<div class=\"elementor-element elementor-element-363c400 e-con-full e-flex e-con e-child\" data-id=\"363c400\" data-element_type=\"container\">\n\t\t\t\t<div class=\"elementor-element elementor-element-2b3e2a1 elementor-widget-mobile__width-initial elementor-widget elementor-widget-image\" data-id=\"2b3e2a1\" data-element_type=\"widget\" data-widget_type=\"image.default\">\n\t\t\t\t<div class=\"elementor-widget-container\">\n\t\t\t\t\t\t\t\t\t\t\t\t\t\t\t<img fetchpriority=\"high\" decoding=\"async\" width=\"436\" height=\"678\" src=\"https:\/\/velasasabranca.com.br\/wp-content\/uploads\/2025\/01\/velas-e1738175296715.png\" class=\"attachment-2048x2048 size-2048x2048 wp-image-152\" alt=\"\" srcset=\"https:\/\/velasasabranca.com.br\/wp-content\/uploads\/2025\/01\/velas-e1738175296715.png 436w, https:\/\/velasasabranca.com.br\/wp-content\/uploads\/2025\/01\/velas-e1738175296715-193x300.png 193w\" sizes=\"(max-width: 436px) 100vw, 436px\" \/>\t\t\t\t\t\t\t\t\t\t\t\t\t\t\t<\/div>\n\t\t\t\t<\/div>\n\t\t\t\t<\/div>\n\t\t\t\t\t<\/div>\n\t\t\t\t<\/div>\n\t\t<div class=\"elementor-element elementor-element-4273dec e-flex e-con-boxed e-con e-parent\" data-id=\"4273dec\" data-element_type=\"container\">\n\t\t\t\t\t<div class=\"e-con-inner\">\n\t\t<div class=\"elementor-element elementor-element-4f89323 e-con-full e-flex e-con e-child\" data-id=\"4f89323\" data-element_type=\"container\" data-settings=\"{&quot;background_background&quot;:&quot;classic&quot;}\">\n\t\t\t\t<div class=\"elementor-element elementor-element-c9e2e88 elementor-position-top elementor-widget elementor-widget-image-box\" data-id=\"c9e2e88\" data-element_type=\"widget\" data-widget_type=\"image-box.default\">\n\t\t\t\t<div class=\"elementor-widget-container\">\n\t\t\t\t\t<div class=\"elementor-image-box-wrapper\"><figure class=\"elementor-image-box-img\"><a href=\"https:\/\/velasasabranca.com.br\/wp-content\/uploads\/2025\/01\/Velas-Asa-Branca-No5\u200b-1.zip\" tabindex=\"-1\"><img decoding=\"async\" width=\"1080\" height=\"1920\" src=\"https:\/\/velasasabranca.com.br\/wp-content\/uploads\/2025\/01\/1-1.jpg\" class=\"attachment-full size-full wp-image-63\" alt=\"\" srcset=\"https:\/\/velasasabranca.com.br\/wp-content\/uploads\/2025\/01\/1-1.jpg 1080w, https:\/\/velasasabranca.com.br\/wp-content\/uploads\/2025\/01\/1-1-169x300.jpg 169w, https:\/\/velasasabranca.com.br\/wp-content\/uploads\/2025\/01\/1-1-576x1024.jpg 576w, https:\/\/velasasabranca.com.br\/wp-content\/uploads\/2025\/01\/1-1-768x1365.jpg 768w, https:\/\/velasasabranca.com.br\/wp-content\/uploads\/2025\/01\/1-1-864x1536.jpg 864w\" sizes=\"(max-width: 1080px) 100vw, 1080px\" \/><\/a><\/figure><div class=\"elementor-image-box-content\"><h3 class=\"elementor-image-box-title\"><a href=\"https:\/\/velasasabranca.com.br\/wp-content\/uploads\/2025\/01\/Velas-Asa-Branca-No5\u200b-1.zip\">Velas Asa Branca - N\u00ba5<\/a><\/h3><p class=\"elementor-image-box-description\">Cont\u00e9m 8 unidades de 18g\n<BR>C\u00f3digo: 7898226650016<\/p><\/div><\/div>\t\t\t\t<\/div>\n\t\t\t\t<\/div>\n\t\t\t\t<\/div>\n\t\t<div class=\"elementor-element elementor-element-9351b4a e-con-full e-flex e-con e-child\" data-id=\"9351b4a\" data-element_type=\"container\" data-settings=\"{&quot;background_background&quot;:&quot;classic&quot;}\">\n\t\t\t\t<div class=\"elementor-element elementor-element-86a2bf7 elementor-position-top elementor-widget elementor-widget-image-box\" data-id=\"86a2bf7\" data-element_type=\"widget\" data-widget_type=\"image-box.default\">\n\t\t\t\t<div class=\"elementor-widget-container\">\n\t\t\t\t\t<div class=\"elementor-image-box-wrapper\"><figure class=\"elementor-image-box-img\"><a href=\"https:\/\/velasasabranca.com.br\/wp-content\/uploads\/2025\/01\/Velas-Asa-Branca-No7\u200b.zip\" tabindex=\"-1\"><img decoding=\"async\" width=\"1080\" height=\"1920\" src=\"https:\/\/velasasabranca.com.br\/wp-content\/uploads\/2025\/01\/2.jpg\" class=\"attachment-full size-full wp-image-59\" alt=\"\" srcset=\"https:\/\/velasasabranca.com.br\/wp-content\/uploads\/2025\/01\/2.jpg 1080w, https:\/\/velasasabranca.com.br\/wp-content\/uploads\/2025\/01\/2-169x300.jpg 169w, https:\/\/velasasabranca.com.br\/wp-content\/uploads\/2025\/01\/2-576x1024.jpg 576w, https:\/\/velasasabranca.com.br\/wp-content\/uploads\/2025\/01\/2-768x1365.jpg 768w, https:\/\/velasasabranca.com.br\/wp-content\/uploads\/2025\/01\/2-864x1536.jpg 864w\" sizes=\"(max-width: 1080px) 100vw, 1080px\" \/><\/a><\/figure><div class=\"elementor-image-box-content\"><h3 class=\"elementor-image-box-title\"><a href=\"https:\/\/velasasabranca.com.br\/wp-content\/uploads\/2025\/01\/Velas-Asa-Branca-No7\u200b.zip\">Velas Asa Branca - N\u00ba7<\/a><\/h3><p class=\"elementor-image-box-description\">Cont\u00e9m 8 unidades de 27g\n<BR>C\u00f3digo: 7898226650023<\/p><\/div><\/div>\t\t\t\t<\/div>\n\t\t\t\t<\/div>\n\t\t\t\t<\/div>\n\t\t<div class=\"elementor-element elementor-element-dd70d2e e-con-full e-flex e-con e-child\" data-id=\"dd70d2e\" data-element_type=\"container\" data-settings=\"{&quot;background_background&quot;:&quot;classic&quot;}\">\n\t\t\t\t<div class=\"elementor-element elementor-element-b64df10 elementor-position-top elementor-widget elementor-widget-image-box\" data-id=\"b64df10\" data-element_type=\"widget\" data-widget_type=\"image-box.default\">\n\t\t\t\t<div class=\"elementor-widget-container\">\n\t\t\t\t\t<div class=\"elementor-image-box-wrapper\"><figure class=\"elementor-image-box-img\"><a href=\"https:\/\/velasasabranca.com.br\/wp-content\/uploads\/2025\/01\/Velas-Goias-No5F\u200b.zip\" tabindex=\"-1\"><img loading=\"lazy\" decoding=\"async\" width=\"1080\" height=\"1920\" src=\"https:\/\/velasasabranca.com.br\/wp-content\/uploads\/2025\/01\/3.jpg\" class=\"attachment-full size-full wp-image-60\" alt=\"\" srcset=\"https:\/\/velasasabranca.com.br\/wp-content\/uploads\/2025\/01\/3.jpg 1080w, https:\/\/velasasabranca.com.br\/wp-content\/uploads\/2025\/01\/3-169x300.jpg 169w, https:\/\/velasasabranca.com.br\/wp-content\/uploads\/2025\/01\/3-576x1024.jpg 576w, https:\/\/velasasabranca.com.br\/wp-content\/uploads\/2025\/01\/3-768x1365.jpg 768w, https:\/\/velasasabranca.com.br\/wp-content\/uploads\/2025\/01\/3-864x1536.jpg 864w\" sizes=\"(max-width: 1080px) 100vw, 1080px\" \/><\/a><\/figure><div class=\"elementor-image-box-content\"><h3 class=\"elementor-image-box-title\"><a href=\"https:\/\/velasasabranca.com.br\/wp-content\/uploads\/2025\/01\/Velas-Goias-No5F\u200b.zip\">Velas Goi\u00e1s - N\u00ba5F<\/a><\/h3><p class=\"elementor-image-box-description\">Cont\u00e9m 8 unidades de 11g\n<BR>C\u00f3digo: 7898226650108<\/p><\/div><\/div>\t\t\t\t<\/div>\n\t\t\t\t<\/div>\n\t\t\t\t<\/div>\n\t\t\t\t\t<\/div>\n\t\t\t\t<\/div>\n\t\t<div class=\"elementor-element elementor-element-1db508c e-flex e-con-boxed e-con e-parent\" data-id=\"1db508c\" data-element_type=\"container\">\n\t\t\t\t\t<div class=\"e-con-inner\">\n\t\t<div class=\"elementor-element elementor-element-1a6badb e-con-full e-flex e-con e-child\" data-id=\"1a6badb\" data-element_type=\"container\" data-settings=\"{&quot;background_background&quot;:&quot;classic&quot;}\">\n\t\t\t\t<div class=\"elementor-element elementor-element-7c4d68f elementor-position-top elementor-widget elementor-widget-image-box\" data-id=\"7c4d68f\" data-element_type=\"widget\" data-widget_type=\"image-box.default\">\n\t\t\t\t<div class=\"elementor-widget-container\">\n\t\t\t\t\t<div class=\"elementor-image-box-wrapper\"><figure class=\"elementor-image-box-img\"><a href=\"https:\/\/velasasabranca.com.br\/wp-content\/uploads\/2025\/01\/vela_votiva.zip\" tabindex=\"-1\"><img loading=\"lazy\" decoding=\"async\" width=\"1080\" height=\"1920\" src=\"https:\/\/velasasabranca.com.br\/wp-content\/uploads\/2025\/01\/vela_votiva.png\" class=\"attachment-full size-full wp-image-75\" alt=\"\" srcset=\"https:\/\/velasasabranca.com.br\/wp-content\/uploads\/2025\/01\/vela_votiva.png 1080w, https:\/\/velasasabranca.com.br\/wp-content\/uploads\/2025\/01\/vela_votiva-169x300.png 169w, https:\/\/velasasabranca.com.br\/wp-content\/uploads\/2025\/01\/vela_votiva-576x1024.png 576w, https:\/\/velasasabranca.com.br\/wp-content\/uploads\/2025\/01\/vela_votiva-768x1365.png 768w, https:\/\/velasasabranca.com.br\/wp-content\/uploads\/2025\/01\/vela_votiva-864x1536.png 864w\" sizes=\"(max-width: 1080px) 100vw, 1080px\" \/><\/a><\/figure><div class=\"elementor-image-box-content\"><h3 class=\"elementor-image-box-title\"><a href=\"https:\/\/velasasabranca.com.br\/wp-content\/uploads\/2025\/01\/vela_votiva.zip\">Velas Asa Branca - Votiva<\/a><\/h3><p class=\"elementor-image-box-description\">Cont\u00e9m 1 unidade\n<BR>C\u00f3digo: 7898226650030<\/p><\/div><\/div>\t\t\t\t<\/div>\n\t\t\t\t<\/div>\n\t\t\t\t<\/div>\n\t\t<div class=\"elementor-element elementor-element-b22817a e-con-full e-flex e-con e-child\" data-id=\"b22817a\" data-element_type=\"container\" data-settings=\"{&quot;background_background&quot;:&quot;classic&quot;}\">\n\t\t\t\t<div class=\"elementor-element elementor-element-77a1257 elementor-position-top elementor-widget elementor-widget-image-box\" data-id=\"77a1257\" data-element_type=\"widget\" data-widget_type=\"image-box.default\">\n\t\t\t\t<div class=\"elementor-widget-container\">\n\t\t\t\t\t<div class=\"elementor-image-box-wrapper\"><figure class=\"elementor-image-box-img\"><a href=\"https:\/\/velasasabranca.com.br\/wp-content\/uploads\/2025\/01\/Velas-Gloria\u200b.zip\" tabindex=\"-1\"><img loading=\"lazy\" decoding=\"async\" width=\"1080\" height=\"1920\" src=\"https:\/\/velasasabranca.com.br\/wp-content\/uploads\/2025\/01\/4-1.jpg\" class=\"attachment-full size-full wp-image-73\" alt=\"\" srcset=\"https:\/\/velasasabranca.com.br\/wp-content\/uploads\/2025\/01\/4-1.jpg 1080w, https:\/\/velasasabranca.com.br\/wp-content\/uploads\/2025\/01\/4-1-169x300.jpg 169w, https:\/\/velasasabranca.com.br\/wp-content\/uploads\/2025\/01\/4-1-576x1024.jpg 576w, https:\/\/velasasabranca.com.br\/wp-content\/uploads\/2025\/01\/4-1-768x1365.jpg 768w, https:\/\/velasasabranca.com.br\/wp-content\/uploads\/2025\/01\/4-1-864x1536.jpg 864w\" sizes=\"(max-width: 1080px) 100vw, 1080px\" \/><\/a><\/figure><div class=\"elementor-image-box-content\"><h3 class=\"elementor-image-box-title\"><a href=\"https:\/\/velasasabranca.com.br\/wp-content\/uploads\/2025\/01\/Velas-Gloria\u200b.zip\">Velas Gl\u00f3ria<\/a><\/h3><p class=\"elementor-image-box-description\">Cont\u00e9m 8 unidades de 10g\n<BR>C\u00f3digo: 7898226650108<\/p><\/div><\/div>\t\t\t\t<\/div>\n\t\t\t\t<\/div>\n\t\t\t\t<\/div>\n\t\t<div class=\"elementor-element elementor-element-a352a8c e-con-full e-flex e-con e-child\" data-id=\"a352a8c\" data-element_type=\"container\" data-settings=\"{&quot;background_background&quot;:&quot;classic&quot;}\">\n\t\t\t\t<\/div>\n\t\t\t\t\t<\/div>\n\t\t\t\t<\/div>\n\t\t<div class=\"elementor-element elementor-element-a215645 e-flex e-con-boxed e-con e-parent\" data-id=\"a215645\" data-element_type=\"container\">\n\t\t\t\t\t<div class=\"e-con-inner\">\n\t\t\t\t<div class=\"elementor-element elementor-element-3e138d1 elementor-widget elementor-widget-spacer\" data-id=\"3e138d1\" data-element_type=\"widget\" data-widget_type=\"spacer.default\">\n\t\t\t\t<div class=\"elementor-widget-container\">\n\t\t\t\t\t\t\t<div class=\"elementor-spacer\">\n\t\t\t<div class=\"elementor-spacer-inner\"><\/div>\n\t\t<\/div>\n\t\t\t\t\t\t<\/div>\n\t\t\t\t<\/div>\n\t\t\t\t\t<\/div>\n\t\t\t\t<\/div>\n\t\t<div class=\"elementor-element elementor-element-6df6d36 e-grid e-con-boxed e-con e-parent\" data-id=\"6df6d36\" data-element_type=\"container\" data-settings=\"{&quot;background_background&quot;:&quot;classic&quot;}\">\n\t\t\t\t\t<div class=\"e-con-inner\">\n\t\t\t\t<div class=\"elementor-element elementor-element-3cdbff0 elementor-widget elementor-widget-text-editor\" data-id=\"3cdbff0\" data-element_type=\"widget\" data-widget_type=\"text-editor.default\">\n\t\t\t\t<div class=\"elementor-widget-container\">\n\t\t\t\t\t\t\t\t\t<p>JK IND\u00daSTRIA E COM\u00c9RCIO LTDA<br \/>CNPJ: 29.050.954\/0001-90<br \/>Inscri\u00e7\u00e3o Estadual: 10.709.739-7<br \/>Av. Juscelino Kubitschek, Qd. 19 C Lt. 05. B. Jundia\u00ed &#8211; An\u00e1polis &#8211; GO<\/p>\t\t\t\t\t\t\t\t<\/div>\n\t\t\t\t<\/div>\n\t\t\t\t<div class=\"elementor-element elementor-element-678f68b elementor-widget elementor-widget-image\" data-id=\"678f68b\" data-element_type=\"widget\" data-widget_type=\"image.default\">\n\t\t\t\t<div class=\"elementor-widget-container\">\n\t\t\t\t\t\t\t\t\t\t\t\t\t\t\t<img loading=\"lazy\" decoding=\"async\" width=\"678\" height=\"558\" src=\"https:\/\/velasasabranca.com.br\/wp-content\/uploads\/2025\/01\/LOGO-e1738175531871.png\" class=\"attachment-large size-large wp-image-108\" alt=\"\" srcset=\"https:\/\/velasasabranca.com.br\/wp-content\/uploads\/2025\/01\/LOGO-e1738175531871.png 678w, https:\/\/velasasabranca.com.br\/wp-content\/uploads\/2025\/01\/LOGO-e1738175531871-300x247.png 300w\" sizes=\"(max-width: 678px) 100vw, 678px\" \/>\t\t\t\t\t\t\t\t\t\t\t\t\t\t\t<\/div>\n\t\t\t\t<\/div>\n\t\t\t\t\t<\/div>\n\t\t\t\t<\/div>\n\t\t\t\t<\/div>\n\t\t","protected":false},"excerpt":{"rendered":"<p>Velas Asa Branca (62) 3314-3311 Compre Velas Asas Branca no atacado direto da f\u00e1brica Garanta produtos com Tradi\u00e7\u00e3o e Qualidade. Velas Asa Branca &#8211; N\u00ba5 Cont\u00e9m 8 unidades de 18g C\u00f3digo: 7898226650016 Velas Asa Branca &#8211; N\u00ba7 Cont\u00e9m 8 unidades de 27g C\u00f3digo: 7898226650023 Velas Goi\u00e1s &#8211; N\u00ba5F Cont\u00e9m 8 unidades de 11g C\u00f3digo: 7898226650108 [&hellip;]<\/p>\n","protected":false},"author":1,"featured_media":0,"parent":0,"menu_order":0,"comment_status":"closed","ping_status":"closed","template":"elementor_canvas","meta":{"footnotes":""},"class_list":["post-10","page","type-page","status-publish","hentry"],"_links":{"self":[{"href":"https:\/\/velasasabranca.com.br\/index.php?rest_route=\/wp\/v2\/pages\/10","targetHints":{"allow":["GET"]}}],"collection":[{"href":"https:\/\/velasasabranca.com.br\/index.php?rest_route=\/wp\/v2\/pages"}],"about":[{"href":"https:\/\/velasasabranca.com.br\/index.php?rest_route=\/wp\/v2\/types\/page"}],"author":[{"embeddable":true,"href":"https:\/\/velasasabranca.com.br\/index.php?rest_route=\/wp\/v2\/users\/1"}],"replies":[{"embeddable":true,"href":"https:\/\/velasasabranca.com.br\/index.php?rest_route=%2Fwp%2Fv2%2Fcomments&post=10"}],"version-history":[{"count":199,"href":"https:\/\/velasasabranca.com.br\/index.php?rest_route=\/wp\/v2\/pages\/10\/revisions"}],"predecessor-version":[{"id":246,"href":"https:\/\/velasasabranca.com.br\/index.php?rest_route=\/wp\/v2\/pages\/10\/revisions\/246"}],"wp:attachment":[{"href":"https:\/\/velasasabranca.com.br\/index.php?rest_route=%2Fwp%2Fv2%2Fmedia&parent=10"}],"curies":[{"name":"wp","href":"https:\/\/api.w.org\/{rel}","templated":true}]}}